{"id":120,"date":"2025-03-28T17:19:26","date_gmt":"2025-03-28T17:19:26","guid":{"rendered":"https:\/\/anavieira.unendingsuccess.com\/?page_id=120"},"modified":"2025-07-12T16:42:15","modified_gmt":"2025-07-12T16:42:15","slug":"tarot","status":"publish","type":"page","link":"https:\/\/www.anavieira.pt\/en\/tarot\/","title":{"rendered":"Tarot"},"content":{"rendered":"<style>.kb-row-layout-id120_61b422-95 > .kt-row-column-wrap{align-content:start;}:where(.kb-row-layout-id120_61b422-95 > .kt-row-column-wrap) > .wp-block-kadence-column{justify-content:start;}.kb-row-layout-id120_61b422-95 > .kt-row-column-wrap{column-gap:var(--global-kb-gap-md, 2rem);row-gap:var(--global-kb-gap-md, 2rem);max-width:var( --global-content-width, 1290px );padding-left:var(--global-content-edge-padding);padding-right:var(--global-content-edge-padding);padding-top:var(--global-kb-spacing-5xl, 10rem);padding-bottom:var(--global-kb-spacing-5xl, 10rem);grid-template-columns:minmax(0, 1fr);}.kb-row-layout-id120_61b422-95{background-image:url('https:\/\/www.anavieira.pt\/wp-content\/uploads\/2025\/03\/high-angle-tarot-cards-arrangement-table2-scaled.jpg');background-size:cover;background-position:40% 68%;background-attachment:scroll;background-repeat:no-repeat;}.kb-row-layout-id120_61b422-95 > .kt-row-layout-overlay{opacity:0.00;background-color:var(--global-palette8, #F7FAFC);}@media all and (max-width: 1024px){.kb-row-layout-id120_61b422-95 > .kt-row-column-wrap{grid-template-columns:minmax(0, 1fr);}}@media all and (max-width: 767px){.kb-row-layout-id120_61b422-95 > .kt-row-column-wrap{padding-bottom:var(--global-kb-spacing-xl, 4rem);grid-template-columns:minmax(0, 1fr);}}<\/style><div class=\"kb-row-layout-wrap kb-row-layout-id120_61b422-95 alignfull kt-row-has-bg wp-block-kadence-rowlayout\"><div class=\"kt-row-layout-overlay kt-row-overlay-normal\"><\/div><div class=\"kt-row-column-wrap kt-has-1-columns kt-row-layout-equal kt-tab-layout-inherit kt-mobile-layout-row kt-row-valign-top kb-theme-content-width\">\n<style>.kadence-column120_b0190f-d1 > .kt-inside-inner-col{padding-top:var(--global-kb-spacing-xs, 1rem);padding-right:var(--global-kb-spacing-3xl, 6.5rem);padding-bottom:var(--global-kb-spacing-xs, 1rem);padding-left:var(--global-kb-spacing-3xl, 6.5rem);}.kadence-column120_b0190f-d1 > .kt-inside-inner-col,.kadence-column120_b0190f-d1 > .kt-inside-inner-col:before{border-top-left-radius:0px;border-top-right-radius:0px;border-bottom-right-radius:0px;border-bottom-left-radius:0px;}.kadence-column120_b0190f-d1 > .kt-inside-inner-col{column-gap:var(--global-kb-gap-sm, 1rem);}.kadence-column120_b0190f-d1 > .kt-inside-inner-col{flex-direction:column;}.kadence-column120_b0190f-d1 > .kt-inside-inner-col > .aligncenter{width:100%;}.kadence-column120_b0190f-d1 > .kt-inside-inner-col:before{opacity:0.3;}.kadence-column120_b0190f-d1{position:relative;}@media all and (max-width: 1024px){.kadence-column120_b0190f-d1 > .kt-inside-inner-col{padding-top:0px;padding-right:0px;padding-bottom:0px;padding-left:0px;flex-direction:column;justify-content:center;}}@media all and (max-width: 767px){.kadence-column120_b0190f-d1 > .kt-inside-inner-col{flex-direction:column;justify-content:center;}}<\/style>\n<div class=\"wp-block-kadence-column kadence-column120_b0190f-d1 inner-column-1\"><div class=\"kt-inside-inner-col\"><style>.wp-block-kadence-advancedheading.kt-adv-heading120_163fc8-33, .wp-block-kadence-advancedheading.kt-adv-heading120_163fc8-33[data-kb-block=\"kb-adv-heading120_163fc8-33\"]{margin-top:0px;margin-bottom:var(--global-kb-spacing-sm, 1.5rem);text-align:center;font-size:110px;line-height:1;font-style:normal;letter-spacing:-3px;text-shadow:4px 4px 1px var(--global-palette1, #3182CE);}.wp-block-kadence-advancedheading.kt-adv-heading120_163fc8-33 mark.kt-highlight, .wp-block-kadence-advancedheading.kt-adv-heading120_163fc8-33[data-kb-block=\"kb-adv-heading120_163fc8-33\"] mark.kt-highlight{font-style:normal;color:#f76a0c;-webkit-box-decoration-break:clone;box-decoration-break:clone;padding-top:0px;padding-right:0px;padding-bottom:0px;padding-left:0px;}.wp-block-kadence-advancedheading.kt-adv-heading120_163fc8-33 img.kb-inline-image, .wp-block-kadence-advancedheading.kt-adv-heading120_163fc8-33[data-kb-block=\"kb-adv-heading120_163fc8-33\"] img.kb-inline-image{width:150px;vertical-align:baseline;}@media all and (max-width: 1024px){.wp-block-kadence-advancedheading.kt-adv-heading120_163fc8-33, .wp-block-kadence-advancedheading.kt-adv-heading120_163fc8-33[data-kb-block=\"kb-adv-heading120_163fc8-33\"]{text-shadow:4px 4px 1px var(--global-palette1, #3182CE);font-size:90px;}}@media all and (max-width: 767px){.wp-block-kadence-advancedheading.kt-adv-heading120_163fc8-33, .wp-block-kadence-advancedheading.kt-adv-heading120_163fc8-33[data-kb-block=\"kb-adv-heading120_163fc8-33\"]{text-shadow:4px 4px 1px var(--global-palette1, #3182CE);font-size:55px;}}<\/style>\n<h2 class=\"kt-adv-heading120_163fc8-33 wp-block-kadence-advancedheading has-theme-palette-9-color has-text-color\" data-kb-block=\"kb-adv-heading120_163fc8-33\">Tarot<\/h2>\n<\/div><\/div>\n\n<\/div><\/div>\n\n\n<div style=\"height:40px\" aria-hidden=\"true\" class=\"wp-block-spacer\"><\/div>\n\n\n\n<p class=\"has-text-align-center\">Tarot consultations in person and via video call.<br>Get all the support you need when you need it most, with total confidentiality, professionalism and convenience.<br>Tarot cards (the so-called \u2018Sacred Blades\u2019) guide our daily steps in a holistic way. They emphasise the most important aspects of life, including love, money, health and also links to the past and future, helping us to make decisions and gain confidence and self-knowledge.<\/p>\n\n\n\n<p class=\"has-text-align-center\">Face-to-face consultations take place in Lisbon, Ericeira and Torres Vedras.<\/p>\n\n\n\n<p class=\"has-text-align-center\">In addition to individual consultations, contact us if you would like to organise MEETINGS or TRAININGS in the area of Tarot. Our team will contact you so that we can offer you the best solution.<\/p>\n\n\n<style>.wp-block-kadence-advancedheading.kt-adv-heading120_6ff859-e4, .wp-block-kadence-advancedheading.kt-adv-heading120_6ff859-e4[data-kb-block=\"kb-adv-heading120_6ff859-e4\"]{text-align:center;font-size:var(--global-kb-font-size-xl, 3rem);font-style:normal;}.wp-block-kadence-advancedheading.kt-adv-heading120_6ff859-e4 mark.kt-highlight, .wp-block-kadence-advancedheading.kt-adv-heading120_6ff859-e4[data-kb-block=\"kb-adv-heading120_6ff859-e4\"] mark.kt-highlight{font-style:normal;color:#f76a0c;-webkit-box-decoration-break:clone;box-decoration-break:clone;padding-top:0px;padding-right:0px;padding-bottom:0px;padding-left:0px;}.wp-block-kadence-advancedheading.kt-adv-heading120_6ff859-e4 img.kb-inline-image, .wp-block-kadence-advancedheading.kt-adv-heading120_6ff859-e4[data-kb-block=\"kb-adv-heading120_6ff859-e4\"] img.kb-inline-image{width:150px;vertical-align:baseline;}<\/style>\n<h2 class=\"kt-adv-heading120_6ff859-e4 wp-block-kadence-advancedheading\" data-kb-block=\"kb-adv-heading120_6ff859-e4\">Booking<\/h2>\n\n\n\n<div class=\"wp-block-columns is-layout-flex wp-container-core-columns-is-layout-9d6595d7 wp-block-columns-is-layout-flex\">\n<div class=\"wp-block-column is-layout-flow wp-block-column-is-layout-flow\" style=\"flex-basis:100%\"><style>.kb-row-layout-id120_746155-55 > .kt-row-column-wrap{align-content:start;}:where(.kb-row-layout-id120_746155-55 > .kt-row-column-wrap) > .wp-block-kadence-column{justify-content:start;}.kb-row-layout-id120_746155-55 > .kt-row-column-wrap{column-gap:var(--global-kb-gap-md, 2rem);row-gap:var(--global-kb-gap-md, 2rem);max-width:960px;margin-left:auto;margin-right:auto;padding-top:var(--global-kb-spacing-sm, 1.5rem);padding-bottom:var(--global-kb-spacing-sm, 1.5rem);grid-template-columns:minmax(0, 1fr);}.kb-row-layout-id120_746155-55 > .kt-row-layout-overlay{opacity:0.30;}@media all and (max-width: 1024px){.kb-row-layout-id120_746155-55 > .kt-row-column-wrap{grid-template-columns:minmax(0, 1fr);}}@media all and (max-width: 767px){.kb-row-layout-id120_746155-55 > .kt-row-column-wrap{grid-template-columns:minmax(0, 1fr);}}<\/style><div class=\"kb-row-layout-wrap kb-row-layout-id120_746155-55 alignnone wp-block-kadence-rowlayout\" id=\"agendar-tarot\"><div class=\"kt-row-column-wrap kt-has-1-columns kt-row-layout-equal kt-tab-layout-inherit kt-mobile-layout-row kt-row-valign-top\">\n<style>.kadence-column120_67cb1a-a5 > .kt-inside-inner-col,.kadence-column120_67cb1a-a5 > .kt-inside-inner-col:before{border-top-left-radius:0px;border-top-right-radius:0px;border-bottom-right-radius:0px;border-bottom-left-radius:0px;}.kadence-column120_67cb1a-a5 > .kt-inside-inner-col{column-gap:var(--global-kb-gap-sm, 1rem);}.kadence-column120_67cb1a-a5 > .kt-inside-inner-col{flex-direction:column;}.kadence-column120_67cb1a-a5 > .kt-inside-inner-col > .aligncenter{width:100%;}.kadence-column120_67cb1a-a5 > .kt-inside-inner-col:before{opacity:0.3;}.kadence-column120_67cb1a-a5{position:relative;}@media all and (max-width: 1024px){.kadence-column120_67cb1a-a5 > .kt-inside-inner-col{flex-direction:column;justify-content:center;}}@media all and (max-width: 767px){.kadence-column120_67cb1a-a5 > .kt-inside-inner-col{flex-direction:column;justify-content:center;}}<\/style>\n<div class=\"wp-block-kadence-column kadence-column120_67cb1a-a5\"><div class=\"kt-inside-inner-col\"><script type=\"text\/javascript\">\n    (function (win, fn) {\n        var done = false, top = true,\n            doc = win.document,\n            root = doc.documentElement,\n            modern = doc.addEventListener,\n            add = modern ? 'addEventListener' : 'attachEvent',\n            rem = modern ? 'removeEventListener' : 'detachEvent',\n            pre = modern ? '' : 'on',\n            init = function (e) {\n                if (e.type == 'readystatechange') if (doc.readyState != 'complete') return;\n                (e.type == 'load' ? win : doc)[rem](pre + e.type, init, false);\n                if (!done) {\n                    done = true;\n                    fn.call(win, e.type || e);\n                }\n            },\n            poll = function () {\n                try {\n                    root.doScroll('left');\n                } catch (e) {\n                    setTimeout(poll, 50);\n                    return;\n                }\n                init('poll');\n            };\n        if (doc.readyState == 'complete') fn.call(win, 'lazy');\n        else {\n            if (!modern) if (root.doScroll) {\n                try {\n                    top = !win.frameElement;\n                } catch (e) {\n                }\n                if (top) poll();\n            }\n            doc[add](pre + 'DOMContentLoaded', init, false);\n            doc[add](pre + 'readystatechange', init, false);\n            win[add](pre + 'load', init, false);\n        }\n    })(window, function () {\n        window.BooklyServicesForm.showForm(\"bookly-services-form-tarot\", \"bookly-services-form-tarot-69e005f1bc3ab\", {\"main_color\":\"#a78f5f\",\"service_card_width\":260,\"service_header_height\":120,\"staff_card_width\":260,\"hide_borders\":false,\"show_book_more\":true,\"show_qr_code\":true,\"show_calendar\":true,\"show_services_filter\":false,\"show_staff_filter\":false,\"show_staff_rating\":false,\"show_timezone\":false,\"show_receipt_on_cart\":true,\"show_receipt_on_payment\":true,\"skip_cart_step\":false,\"use_cart_local_storage\":true,\"default_service\":null,\"default_staff\":null,\"service_card_show_badge\":false,\"package_card_show_badge\":true,\"gift_card_show_badge\":true,\"services_fields_order\":[\"service\",\"duration\",\"price\",\"staff\"],\"services_fields_show\":[\"service\",\"duration\",\"price\"],\"packages_fields_order\":[\"package\",\"service\",\"duration\",\"price\",\"staff\"],\"packages_fields_show\":[\"package\",\"service\",\"duration\",\"price\"],\"gift_cards_fields_order\":[\"title\",\"price\"],\"gift_cards_fields_show\":[\"title\",\"price\"],\"show_first_slot_only\":false,\"show_gift_cards\":true,\"show_add_to_calendar\":false,\"show_slot_info\":false,\"sell_services\":true,\"sell_gift_cards\":false,\"full_name_required\":true,\"first_name_required\":true,\"last_name_required\":true,\"email_required\":true,\"phone_required\":true,\"address_required\":false,\"birthday_required\":false,\"verify_credentials\":false,\"show_summary_service\":true,\"show_summary_staff\":false,\"show_summary_date\":true,\"show_summary_price\":true,\"show_blocked_slots\":false,\"show_change_date\":false,\"initial_view\":\"form\",\"hidden_services\":[\"5\",\"6\",\"7\"],\"hidden_gift_cards\":[],\"details_fields_order\":[\"text\",\"full_name\",\"first_name\",\"last_name\",\"email\",\"phone\",\"address\",\"notes\",\"birthday\",\"terms\",\"google_maps\",\"custom_fields\"],\"details_fields_width\":{\"text\":12,\"full_name\":12,\"first_name\":6,\"last_name\":6,\"email\":6,\"phone\":6,\"google_maps\":12,\"address\":12,\"notes\":12,\"birthday\":12,\"terms\":12,\"custom_fields\":[]},\"details_fields_show\":[\"text\",\"first_name\",\"last_name\",\"email\",\"phone\",\"custom_fields\"],\"cards_display_mode\":\"with_slots\",\"available_dates\":\"schedule\",\"show_services_mode\":\"no_any\",\"address\":{\"order\":[\"country\",\"state\",\"postcode\",\"city\",\"street\",\"street_number\",\"additional_address\"],\"show\":[\"country\",\"state\",\"postcode\",\"city\",\"street\",\"street_number\",\"additional_address\"],\"labels\":{\"country\":\"Pa\\u00eds\",\"state\":\"Estado\\\/Regi\\u00e3o\",\"postcode\":\"C\\u00f3digo Postal\",\"city\":\"Cidade\",\"street\":\"Endere\\u00e7o\",\"street_number\":\"N\\u00famero da rua\",\"additional_address\":\"Endere\\u00e7o adicional\"}},\"l10n\":{\"steps\":{\"calendar\":\"Iniciar\",\"extras\":\"Extras\",\"slots\":\"Hora\",\"cart\":\"Carrinho\",\"details\":\"Detalhes\",\"payment\":\"Pagamento\",\"done\":\"Acabar\"},\"steps_descriptions\":{\"calendar\":\"Selecione servi\\u00e7o\",\"extras\":\"Adicionar extras\",\"slots\":\"Selecionar faixa hor\\u00e1ria\",\"cart\":\"Verificar o carrinho\",\"details\":\"A sua informa\\u00e7\\u00e3o\",\"payment\":\"Efetuar a compra\",\"done\":\"Concluir\"},\"address_label\":\"Endere\\u00e7o\",\"address_placeholders\":{\"country\":\"Pa\\u00eds\",\"state\":\"Estado\\\/Regi\\u00e3o\",\"postcode\":\"C\\u00f3digo Postal\",\"city\":\"Cidade\",\"street\":\"Endere\\u00e7o\",\"street_number\":\"N\\u00famero da rua\",\"additional_address\":\"Endere\\u00e7o adicional\"},\"notes\":\"Observa\\u00e7\\u00f5es\",\"birthday\":\"Anivers\\u00e1rio\",\"staff\":\"Funcion\\u00e1rios\",\"any_staff\":\"Qualquer\",\"service\":\"Servi\\u00e7o\",\"gift_card\":\"Cart\\u00e3o oferta\",\"gift_card_title\":\"Cart\\u00e3o oferta\",\"date\":\"Data\",\"time\":\"Hora\",\"price\":\"Pre\\u00e7o\",\"next\":\"Seguinte\",\"back\":\"Voltar\",\"select_service\":\"Selecione servi\\u00e7o\",\"select_staff\":\"Qualquer\",\"book_now\":\"Reserve agora\",\"buy_now\":\"Comprar agora\",\"book_more\":\"Reserve mais\\n\\n\",\"close\":\"Fechar\",\"full_name\":\"Nome completo\",\"full_name_error_required\":\"Obrigat\\u00f3rio\",\"first_name\":\"Primeiro nome\",\"first_name_error_required\":\"Obrigat\\u00f3rio\",\"last_name\":\"\\u00daltimo nome\",\"last_name_error_required\":\"Obrigat\\u00f3rio\",\"email\":\"E-mail\",\"email_error_required\":\"Obrigat\\u00f3rio\",\"phone\":\"Telefone\",\"phone_error_required\":\"Obrigat\\u00f3rio\",\"address_field_required\":\"Obrigat\\u00f3rio\",\"birthday_error_required\":\"Obrigat\\u00f3rio\",\"no_slots\":\"N\\u00e3o h\\u00e1 faixas hor\\u00e1rias dispon\\u00edveis\",\"slot_not_available\":\"Bloco j\\u00e1 reservado\",\"no_results\":\"N\\u00e3o foram encontrados resultados\",\"nop\":\"N\\u00famero de pessoas\",\"booking_success\":\"Obrigado!\",\"booking_error\":\"Oops!\",\"booking_completed\":\"A sua reserva est\\u00e1 completa.\",\"order_id\":\"Your order number\",\"gift_card_booking_completed\":\"O seu cart\\u00e3o-presente foi criado.\",\"processing\":\"O seu pagamento foi aceite para processamento.\",\"group_skip_payment\":\"O pagamento foi ignorado.\",\"payment_impossible\":\"N\\u00e3o existem m\\u00e9todos de pagamento dispon\\u00edveis. Contactar o fornecedor de servi\\u00e7os.\",\"appointments_limit_reached\":\"Est\\u00e1 a usar o servi\\u00e7o com muita frequ\\u00eancia. Por favor, entre em contato connosco para fazer uma reserva.\",\"terms_text\":\"Concordo com os termos do servi\\u00e7o \",\"text_calendar\":\"Por favor, selecione um servi\\u00e7o\",\"text_extras\":\"Selecione os Extras se quiser (sele\\u00e7\\u00e3o m\\u00faltipla)\",\"text_slots\":\"Clique num espa\\u00e7o de tempo para prosseguir com a reserva\",\"text_details\":\"Por favor forne\\u00e7a os seus dados no formul\\u00e1rio abaixo para proceder \\u00e0 reserva\",\"text_payment\":\"Diga-nos, por favor, como gostaria de pagar\",\"gift_card_label\":\"Cart\\u00e3o oferta\",\"gift_card_button\":\"Aplicar\",\"gift_card_text\":\"O c\\u00f3digo do seu cart\\u00e3o-presente, se tiver um\",\"gift_card_expired\":\"Este cart\\u00e3o de oferta expirou\",\"gift_card_invalid\":\"Este cart\\u00e3o oferta n\\u00e3o pode ser utilizado para a encomenda atual\",\"gift_card_low_balance\":\"N\\u00e3o \\u00e9 suficiente o saldo do cart\\u00e3o de oferta\",\"gift_card_not_found\":\"Cart\\u00e3o de oferta n\\u00e3o encontrado\",\"timezone\":\"O seu fuso hor\\u00e1rio\",\"select_city\":\"Selecione a cidade\",\"add_to_calendar\":\"Adicionar ao calend\\u00e1rio\",\"total\":\"Total\",\"sub_total\":\"Subtotal\",\"discount\":\"Desconto\",\"to_pay\":\"Valor a pagar\",\"verify_code\":\"C\\u00f3digo de verifica\\u00e7\\u00e3o\",\"verify_email\":\"Introduza o c\\u00f3digo de verifica\\u00e7\\u00e3o do email \",\"verify_phone\":\"Introduza o c\\u00f3digo de verifica\\u00e7\\u00e3o da SMS\",\"verify_resend\":\"Reenviar c\\u00f3digo\",\"verify_apply\":\"Aplicar\",\"verify_code_incorrect\":\"C\\u00f3digo de verifica\\u00e7\\u00e3o incorreto\",\"cart_item_not_available\":\"A hora selecionada j\\u00e1 n\\u00e3o est\\u00e1 dispon\\u00edvel\",\"initial_view_button_title\":\"Ver\",\"categories\":\"Categorias\",\"text_categories\":\"Por favor selecione uma categoria\",\"text_services\":\"Por favor, selecione um servi\\u00e7o\",\"more\":\"+%d mais\",\"payment_system_local\":\"Pago no local\"},\"type\":\"services-form\",\"category_card_width\":260,\"category_header_height\":120,\"category_body_height\":240,\"step_service_card_width\":260,\"step_service_card_header_height\":120,\"step_service_card_body_height\":240,\"categories_list\":null,\"services_list\":[\"4\",\"2\",\"3\",\"1\"],\"skip_categories_step\":true,\"skip_services_step\":true,\"services_any\":false,\"staff_any\":false,\"show_stepper\":true,\"name\":\"Tarot\",\"custom_css\":\"\",\"token\":\"tarot\"});\n    });\n    var ajaxurl = \"https:\/\/www.anavieira.pt\/wp-admin\/admin-ajax.php\";\n<\/script>\n<style>\n    .bookly-services-form-tarot-69e005f1bc3ab {\n        --bookly-color: #a78f5f;\n    }\n\n    :root {\n        --bookly-flags-url: url(https:\/\/www.anavieira.pt\/wp-content\/plugins\/bookly-responsive-appointment-booking-tool\/frontend\/resources\/images\/flags.png);\n        --bookly-flags2x-url: url(https:\/\/www.anavieira.pt\/wp-content\/plugins\/bookly-responsive-appointment-booking-tool\/frontend\/resources\/images\/flags@2x.png);\n        --rtl-phone-align: left;\n    }\n<\/style>\n<div id=\"bookly-services-form-tarot-69e005f1bc3ab\" class=\"bookly-services-form-container bookly-services-form-tarot-69e005f1bc3ab\"><\/div>\n<\/div><\/div>\n\n<\/div><\/div><\/div>\n<\/div>","protected":false},"excerpt":{"rendered":"<p>Tarot Consultas de Tarot presenciais e atrav\u00e9s de videochamada.Tenha todo o apoio quando mais necessita, com total sigilo, profissionalismo e comodidade.As cartas de Tarot (as chamadas \u201cL\u00e2minas Sagradas\u201d) orientam os nossos passos no dia-a-dia de forma hol\u00edstica. Sobressaem os aspetos mais importantes da vida, entre eles o amor, dinheiro, sa\u00fade e tamb\u00e9m as liga\u00e7\u00f5es ao&#8230;<\/p>","protected":false},"author":1,"featured_media":0,"parent":0,"menu_order":0,"comment_status":"closed","ping_status":"closed","template":"","meta":{"_kad_post_transparent":"","_kad_post_title":"","_kad_post_layout":"","_kad_post_sidebar_id":"","_kad_post_content_style":"","_kad_post_vertical_padding":"","_kad_post_feature":"","_kad_post_feature_position":"","_kad_post_header":false,"_kad_post_footer":false,"footnotes":""},"class_list":["post-120","page","type-page","status-publish","hentry"],"_links":{"self":[{"href":"https:\/\/www.anavieira.pt\/en\/wp-json\/wp\/v2\/pages\/120","targetHints":{"allow":["GET"]}}],"collection":[{"href":"https:\/\/www.anavieira.pt\/en\/wp-json\/wp\/v2\/pages"}],"about":[{"href":"https:\/\/www.anavieira.pt\/en\/wp-json\/wp\/v2\/types\/page"}],"author":[{"embeddable":true,"href":"https:\/\/www.anavieira.pt\/en\/wp-json\/wp\/v2\/users\/1"}],"replies":[{"embeddable":true,"href":"https:\/\/www.anavieira.pt\/en\/wp-json\/wp\/v2\/comments?post=120"}],"version-history":[{"count":49,"href":"https:\/\/www.anavieira.pt\/en\/wp-json\/wp\/v2\/pages\/120\/revisions"}],"predecessor-version":[{"id":1187,"href":"https:\/\/www.anavieira.pt\/en\/wp-json\/wp\/v2\/pages\/120\/revisions\/1187"}],"wp:attachment":[{"href":"https:\/\/www.anavieira.pt\/en\/wp-json\/wp\/v2\/media?parent=120"}],"curies":[{"name":"wp","href":"https:\/\/api.w.org\/{rel}","templated":true}]}}